{"id":233,"date":"2014-05-26T00:14:01","date_gmt":"2014-05-25T22:14:01","guid":{"rendered":"http:\/\/www.hotelferraro.it\/live\/?page_id=233"},"modified":"2025-07-17T19:19:38","modified_gmt":"2025-07-17T17:19:38","slug":"privacy","status":"publish","type":"page","link":"https:\/\/www.hotelferraro.it\/it\/privacy\/","title":{"rendered":"infomazioni sulla privacy"},"content":{"rendered":"<p><strong>Informativa Privacy:<\/strong><\/p>\n<p><strong>INFORMATIVA PER IL TRATTAMENTO DEI DATI PERSONALI<\/strong><\/p>\n<p>&nbsp;<\/p>\n<p><strong>PREMESSA\u00a0<\/strong><br \/>\nLe modalit\u00e0 di gestione del sito sono descritte nella sezione Politiche di sicurezza del nostro sito che rappresenta la manifestazione dell\u2019Informativa agli interessati resa ai sensi dell&#8217;art. 13 del Reg. UE 679\/2016 Regolamento europeo sulla protezione dei dati personali (GDPR) (di seguito anche \u201cil Regolamento\u201d) &#8211;\u00a0 per coloro che interagiscono con i servizi web forniti dal sito ma non anche per altri siti web eventualmente consultati dall&#8217;utente tramite link.<\/p>\n<p><strong>POLITICHE DI SICUREZZA DEL NOSTRO SITO ED INFORMATIVA UTENTE<\/strong><br \/>\nIn questa pagina si descrivono le modalit\u00e0 di gestione del sito in riferimento al trattamento dei dati personali degli utenti che lo consultano.<br \/>\nVai alla sezione\u00a0Politiche Privacy\u00a0per conoscere il Titolare, l\u2019elenco dei Responsabili dei trattamenti e i diritti agli interessati (ai sensi degli artt. 15-22 del Regolamento).<\/p>\n<p><strong>Dati forniti volontariamente dall&#8217;utente<\/strong><br \/>\nL&#8217;invio facoltativo, esplicito e volontario di posta elettronica agli indirizzi indicati su questo sito comporta la successiva acquisizione dell&#8217;indirizzo del mittente, necessario per dare risposta alle richieste, nonch\u00e9 degli eventuali altri dati personali inseriti nella missiva.<\/p>\n<p>Il trattamento a cui saranno sottoposti i dati personali di cui sopra ha unicamente lo scopo di permettere alla nostra Societ\u00e0, Titolare del trattamento, di rispondere a domande, dubbi, richieste di chiarimenti, o per accogliere i suggerimenti degli utenti.<\/p>\n<p>I dati non saranno soggetti a diffusione e potranno essere conosciuti da collaboratori della nostra Societ\u00e0 specificatamente autorizzati a trattarli, in qualit\u00e0 di Responsabili o Incaricati.<\/p>\n<p>La normativa sulla privacy (artt. 15-22 del Regolamento) Le garantisce il diritto di accedere in ogni momento ai dati che La riguardano, nonch\u00e9 alla loro rettifica e\/o integrazione, se inesatti o incompleti,\u00a0 alla loro\u00a0cancellazione o alla limitazione del loro trattamento, se ne ricorrono i presupposti, all\u2019opposizione al loro trattamento per motivi legati alla Sua situazione particolare, alla portabilit\u00e0 dei dati da Lei forniti, ove trattati in modo automatizzato per le prestazioni contrattuali da Lei richieste, nei limiti di quanto previsto dal Regolamento (art. 20).<br \/>\nTitolare del trattamento \u00e8 Di Nicola Giuseppe\u00a0con sede in Roma Via del Cardello,1.\u00a0Il \u201cResponsabile per la protezione dei dati\u201d \u00e8 a Sua disposizione per ogni eventuale dubbio o chiarimento: a tale scopo potr\u00e0 contattarlo presso l\u2019indicata sede Via del Cardello,1 o al recapito email dinicola.giuseppe@ gmail.com\u00a0al quale potr\u00e0 rivolgersi, oltre che per l\u2019esercizio dei Suoi diritti, anche per conoscere l\u2019elenco aggiornato delle categorie dei destinatari dei dati. Resta fermo il Suo diritto di presentare reclamo all\u2019Autorit\u00e0 italiana, il Garante Privacy, ove ritenuto necessario per la tutela dei Suoi dati personali e dei Suoi diritti in materia.<\/p>\n<p>Specifiche informative di sintesi verranno progressivamente riportate o visualizzate nelle pagine del sito predisposte per particolari servizi a richiesta.<\/p>\n<p>L&#8217;utente \u00e8 libero di fornire i dati personali riportati nei moduli di richiesta o comunque indicati in contatti con l&#8217;Ufficio aziendale per sollecitare l&#8217;invio di materiale informativo o di altre comunicazioni. Il loro mancato conferimento pu\u00f2 comportare l&#8217;impossibilit\u00e0 di ottenere quanto richiesto.<\/p>\n<p><strong>Dati di navigazione<\/strong><br \/>\nI sistemi informatici e le procedure software preposte al funzionamento di questo sito web acquisiscono, nel corso del loro normale esercizio, alcuni dati personali la cui trasmissione \u00e8 implicita nell&#8217;uso dei protocolli di comunicazione di Internet. Si tratta di informazioni che non sono raccolte per essere associate a interessati identificati ma che per loro stessa natura potrebbero permettere, attraverso elaborazioni ed associazioni con dati detenuti da terzi, di identificare gli utenti. In questa categoria di dati rientrano gli indirizzi IP o i nomi a dominio dei computer utilizzati dagli utenti che si connettono al sito, gli indirizzi, l&#8217;orario della richiesta, il metodo utilizzato nel sottoporre la richiesta al server, la dimensione del file ottenuto in risposta, il codice numerico indicante lo stato della risposta data dal server (buon fine, errore, ecc.) ed altri parametri relativi al sistema operativo e all&#8217;ambiente informatico dell&#8217;utente. Questi dati vengono utilizzati al solo fine di ricavare informazioni statistiche anonime sull&#8217;uso del sito, per controllarne il corretto funzionamento e vengono periodicamente cancellati. I dati potrebbero essere utilizzati per l&#8217;accertamento di responsabilit\u00e0 in caso di ipotetici reati informatici.<\/p>\n<p><strong>Modalit\u00e0 del trattamento<\/strong><br \/>\nI dati personali sono trattati con strumenti automatizzati per il tempo strettamente necessario a conseguire gli scopi per cui sono stati raccolti.<\/p>\n<p>Specifiche misure di sicurezza sono osservate per prevenire la perdita dei dati, usi illeciti o non corretti ed accessi non autorizzati.<\/p>\n<p>&nbsp;<\/p>\n<p><strong>POLITICHE PRIVACY<\/strong><br \/>\nLa nostra Societ\u00e0 tratta dati personali di terzi &#8211; clienti effettivi e potenziali, collaboratori, &#8211; adottando da sempre ogni misura necessaria per garantire la riservatezza e la sicurezza dei dati trattati.<br \/>\nIn applicazione della normativa vigente in materia di protezione dei dati personali, si \u00e8 organizzata come segue:<\/p>\n<p>Titolare del trattamento dei dati personali \u00e8 Di Nicola Giuseppe con sede legale in Via del Cardello,1,<\/p>\n<p>Per garantire il rispetto della normativa e delle disposizioni impartite in tema di privacy sono stati individuati specifici Process Owner per i diversi trattamenti effettuati nell\u2019ambito della struttura organizzativa interna<\/p>\n<p>La Societ\u00e0 si avvale inoltre di soggetti esterni all\u2019organizzazione a cui affida parte del proprio processo produttivo;<\/p>\n<p>La Societ\u00e0 acquisisce i soli dati personali strettamente necessari all\u2019espletamento dei servizi richiesti o delle finalit\u00e0 per cui sono stati raccolti fornendo specifica informativa;<\/p>\n<p>Al fine di garantire l\u2019esercizio dei diritti previsti dagli artt. 15-22 del Regolamento (accesso alle informazioni ed altri diritti) e per fornire ogni ulteriore indicazione in materia di protezione dei dati personali, ciascun interessato pu\u00f2 prendere contatto con il Responsabile per la protezione dei dati rivolgendosi a:<\/p>\n<p>RISTORANTE &#8220;AL CARDELLO&#8221; DI NICOLA GIUSEPPE<br \/>\nVIA DEL CARDELLO,1<br \/>\n00184 \u2013\u00a0 ROMA<br \/>\nEmail \u00a0dinicola.giuseppe@gmail.com<br \/>\nper ottenere la conferma dell&#8217;esistenza o meno di dati personali che lo riguardano, anche se non ancora registrati, e la loro comunicazione in forma intelligibile.<\/p>\n<p>Rivolgendosi al Responsabile per la protezione dei dati l&#8217;interessato ha inoltre la possibilit\u00e0 di:<\/p>\n<p>ottenere l&#8217;indicazione sull&#8217;origine, sulle finalit\u00e0 e sulle modalit\u00e0 di trattamento dei dati che lo riguardano;<\/p>\n<p>ottenere la cancellazione, la trasformazione in forma anonima o in blocco dei dati trattati in violazione della legge, l&#8217;aggiornamento, la rettifica e\/o l&#8217;integrazione dei dati;<\/p>\n<p>ottenere informazioni circa i soggetti o le categorie di soggetti cui i dati vengono comunicati o che possono venirne a conoscenza in qualit\u00e0 di Responsabili o di Incaricati<\/p>\n<p>ottenere informazioni circa i soggetti che possono venirne a conoscenza in qualit\u00e0 di Responsabili o di Incaricati, anche a seguito di attivit\u00e0 prestate da altre societ\u00e0 del Gruppo sulla base di contratti di service;<\/p>\n<p>richiedere la portabilit\u00e0 dei dati da Lei forniti, ove trattati in modo automatizzato per le prestazioni contrattuali da Lei richieste, nei limiti di quanto previsto dal Regolamento (art. 20).<\/p>\n<p>&nbsp;<\/p>\n<p><strong>MONITORAGGIO, STATISTICHE : ( Utilizzo di Google Analytics\u00a0)<\/strong><\/p>\n<p>Questo sito web utilizza Google Analytics, un servizio di analisi web fornito da Google Inc., 1600 Amphitheatre Parkway, Mountain View, Kalifornien, 94043 USA, (di seguito \u201cGoogle\u201d). Google Analytics utilizza i cosiddetti &#8220;cookie&#8221;, dei file di testo che vengono salvati sul vostro computer per consentire di analizzare come utilizzate il sito web. Le informazioni sull\u2019utilizzo del sito web (incluso il vostro indirizzo IP) ottenute tramite i cookie verranno inviate e memorizzate in un server di Google negli Stati Uniti. Google utilizzera\u0300 queste informazioni allo scopo di analizzare il vostro utilizzo del sito web, stilare report sul traffico del sito web per il titolare del sito e offrire ulteriori servizi relativi all\u2019utilizzo del sito web e di Internet. Google puo\u0300 anche trasmettere queste informazioni a terzi ove cio\u0300 sia prescritto dalla legge o laddove tali terzi trattino le suddette informazioni per conto di Google. In nessun caso Google assocera\u0300 il vostro indirizzo IP ad altri dati posseduti da Google. Potete evitare l\u2019installazione dei cookie modificando le impostazioni del vostro browser, facciamo tuttavia presente che cio\u0300 potrebbe impedirvi di utilizzare tutte le funzionalita\u0300 di questo sito web. Utilizzando il presente sito web, acconsentite al trattamento dei vostri dati da parte di Google per le modalita\u0300 e i fini sopraindicati. Potete revocare in ogni momento il vostro consenso alla futura raccolta e memorizzazione dei dati. A tal fine, i nostri contatti sono riportati nel colophon. In alternativa, potete utilizzare l\u2019Add-on di disattivazione di Google Analytics (<a href=\"http:\/\/tools.google.com\/dlpage\/gaoptout?hl=it\">http:\/\/tools.google.com\/dlpage\/gaoptout?hl=it<\/a>\u00a0, se disponibile per il vostro browser.<\/p>\n<p>Si fa presente che questo sito impiega Google Analytics con l\u2019estensione \u201c_anonymizeIp()\u201d e quindi viene impiegata una versione abbreviata degli indirizzi IP in modo da evitare un\u2019identificazione personale diretta. Per consultare l&#8217;informativa privacy della societa\u0300 Google, relativa al servizio Google Analytics, si prega di visitare il sito Internet<a href=\"http:\/\/www.google.com\/intl\/en\/analytics\/privacyoverview.html\">http:\/\/www.google.com\/intl\/en\/analytics\/privacyoverview.html<\/a>.<\/p>\n<p>Per conoscere le norme sulla privacy di Google, s\u2019invita a vistare il sito Internet\u00a0<a href=\"http:\/\/www.google.com\/intl\/it\/privacy\/privacy-policy.html\">http:\/\/www.google.com\/intl\/it\/privacy\/privacy-policy.html<\/a>.Utilizzando il nostro sito web, si acconsente al trattamento dei propri dati da parte di Google per le<\/p>\n<p>modalita\u0300 e i fini sopra indicati.<\/p>\n<p>Sul sito web possono essere utilizzati cookies di terze parti provenienti da Youtube, Facebook, Twitter e altri social che non sono presenti sui server del sito web, pertanto non vengono da questo inviati sul terminale dell\u2019utente. Tali cookie si attivano se l\u2019utente clicca sull\u2019icona di FB, TW o YT, ovvero entra nei rispettivi siti social, ovvero utilizza relativi servizi in API. Per ogni informazione e per disabilitare il loro salvataggio sul terminale dell\u2019utente, si rinvia a<\/p>\n<p><a href=\"http:\/\/www.facebook.com\/help\/cookies\">www.facebook.com\/help\/cookies<\/a><br \/>\n<a href=\"http:\/\/twitter.com\/privacy\">twitter.com\/privacy<\/a><br \/>\n<a href=\"http:\/\/support.google.com\/youtube\">support.google.com\/youtube<\/a><\/p>\n<p><strong>Cookies dai nostri partner &#8220;Sistema di prenotazione online&#8221;:<\/strong><\/p>\n<p>\u00e8 il partner che ci fornisce la piattaforma di prenotazione senza il quale non sarebbe possibile effettuare prenotazioni tramite il nostro sito. I cookies generati servono al mantenimento del carrello durante le operazioni di acquisto.<\/p>\n<p>La maggior parte dei sistemi di prenotazione (camere, servizi e voucher) utilizzano solamente il cookie della sessione.<\/p>\n<p><strong>Cookie relativi alla sezione e-shop (E-Commerce)<\/strong><\/p>\n<p>Nel caso in cui fosse presente una sezione e-commerce per l\u2019acquisto e la vendita di prodotti online, il sistema memorizza l&#8217;interazione dell&#8217;utente con l&#8217;area di acquisto o vendita generando un cookie che permette di recuperare lo storico degli ordini effettuati dall\u2019utente e altre informazioni relative al suo profilo. Ti permettono anche di creare un account, effettuare il login e gestire i tuoi ordini. Se sei un utente registrato, grazie ai cookie il sito potr\u00e0 riconoscerti come tale quando accederai ai servizi offerti agli utenti registrati. Se hai aggiunto articoli alla tua Shopping Bag e chiuso la sessione senza completare l&#8217;acquisto senza eliminarli, questi cookie ti permettono di continuare a fare shopping la prossima volta che accedi al sito (entro un periodo di tempo limitato) ritrovando la Shopping Bag o il carrello proprio come li avevi lasciati.<\/p>\n<p><strong>Come disabilitare i cookie di servizi erogati da terze parti<\/strong><\/p>\n<p>Per saperne di pi\u00f9 riguardo ai cookie e come gestire o disabilitare quelli di terze parti o di marketing\/retargeting, visita<a href=\"http:\/\/www.youronlinechoices.com\/\">www.youronlinechoices.com<\/a>\u00a0.<\/p>\n<p><strong>Come disabilitare, Rifiutare i cookies (opt-out)<\/strong><\/p>\n<p>E\u0300 possibile negare il consenso all\u2019utilizzo dei cookie selezionando l&#8217;impostazione appropriata sul proprio browser: la navigazione non autenticata sul sito sara\u0300 comunque disponibile in tutte le sue funzionalita\u0300. Di seguito forniamo i link che spiegano come disabilitare i cookie per i browser piu\u0300 diffusi (per altri browser eventualmente utilizzati suggeriamo di cercare questa opzione nell\u2019help del software normalmente disponibile attraverso il tasto F1):<\/p>\n<p><strong>Internet Explorer<\/strong>:<br \/>\n<a href=\"http:\/\/windows.microsoft.com\/it-IT\/windows7\/Block-enable-or-allow-cookies\">http:\/\/windows.microsoft.com\/it-IT\/windows7\/Block-enable-or-allow-cookies<\/a><\/p>\n<p><strong>Google Chrome<\/strong>:<br \/>\n<a href=\"https:\/\/support.google.com\/chrome\/bin\/answer.py?hl=it-IT&amp;answer=95647&amp;p=cpn_cookies\">https:\/\/support.google.com\/chrome\/bin\/answer.py?hl=it-IT&amp;answer=95647&amp;p=cpn_cookies<\/a><\/p>\n<p><strong>Mozilla Firefox:<br \/>\n<\/strong><a href=\"http:\/\/support.mozilla.org\/it\/kb\/Bloccare%20i%20cookie?redirectlocale=en-US&amp;redirectslug=Blocking+cookies\">http:\/\/support.mozilla.org\/it\/kb\/Bloccare%20i%20cookie?redirectlocale=en-US&amp;redirectslug=Blocking+cookies\u00a0<\/a><\/p>\n<p><strong>Apple Safari<\/strong>:<br \/>\n<a href=\"http:\/\/www.apple.com\/it\/privacy\/use-of-cookies\/\">http:\/\/www.apple.com\/it\/privacy\/use-of-cookies\/<\/a><\/p>\n<p>In alternativa e\u0300 possibile disabilitare soltanto i cookie di Google Analytics, utilizzando il componente aggiuntivo di opt-out fornito da Google per i browser principali.<\/p>\n<p>Se vuoi saperne maggiori informazioni sui cookie visita la pagina<a href=\"http:\/\/www.allaboutcookies.org\/\">www.allaboutcookies.org<\/a>\u00a0Per non ricevere i cookie di Google Analytics visita la pagina:<\/p>\n<p><a href=\"https:\/\/tools.google.com\/dlpage\/gaoptout\/\">https:\/\/tools.google.com\/dlpage\/gaoptout\/<\/a><\/p>\n<p>&nbsp;<\/p>\n","protected":false},"excerpt":{"rendered":"<p>Informativa Privacy: INFORMATIVA PER IL TRATTAMENTO DEI DATI PERSONALI &nbsp; PREMESSA\u00a0 Le modalit\u00e0 di gestione del sito sono descritte nella sezione Politiche di sicurezza del nostro sito che rappresenta la manifestazione dell\u2019Informativa agli interessati resa ai sensi dell&#8217;art. 13 del Reg. UE 679\/2016 Regolamento europeo sulla protezione dei dati personali (GDPR) (di seguito anche \u201cil [&hellip;]<\/p>\n","protected":false},"author":2,"featured_media":0,"parent":0,"menu_order":0,"comment_status":"open","ping_status":"open","template":"","meta":{"footnotes":""},"class_list":["post-233","page","type-page","status-publish","hentry"],"yoast_head":"<!-- This site is optimized with the Yoast SEO plugin v26.9 - https:\/\/yoast.com\/product\/yoast-seo-wordpress\/ -->\n<title>infomazioni sulla privacy - Hotel Ferraro<\/title>\n<meta name=\"robots\" content=\"index, follow, max-snippet:-1, max-image-preview:large, max-video-preview:-1\" \/>\n<link rel=\"canonical\" href=\"https:\/\/www.hotelferraro.it\/it\/privacy\/\" \/>\n<meta property=\"og:locale\" content=\"it_IT\" \/>\n<meta property=\"og:type\" content=\"article\" \/>\n<meta property=\"og:title\" content=\"infomazioni sulla privacy - Hotel Ferraro\" \/>\n<meta property=\"og:description\" content=\"Informativa Privacy: INFORMATIVA PER IL TRATTAMENTO DEI DATI PERSONALI &nbsp; PREMESSA\u00a0 Le modalit\u00e0 di gestione del sito sono descritte nella sezione Politiche di sicurezza del nostro sito che rappresenta la manifestazione dell\u2019Informativa agli interessati resa ai sensi dell&#8217;art. 13 del Reg. UE 679\/2016 Regolamento europeo sulla protezione dei dati personali (GDPR) (di seguito anche \u201cil [&hellip;]\" \/>\n<meta property=\"og:url\" content=\"https:\/\/www.hotelferraro.it\/it\/privacy\/\" \/>\n<meta property=\"og:site_name\" content=\"Hotel Ferraro\" \/>\n<meta property=\"article:modified_time\" content=\"2025-07-17T17:19:38+00:00\" \/>\n<meta name=\"twitter:label1\" content=\"Tempo di lettura stimato\" \/>\n\t<meta name=\"twitter:data1\" content=\"9 minuti\" \/>\n<script type=\"application\/ld+json\" class=\"yoast-schema-graph\">{\"@context\":\"https:\/\/schema.org\",\"@graph\":[{\"@type\":\"WebPage\",\"@id\":\"https:\/\/www.hotelferraro.it\/it\/privacy\/\",\"url\":\"https:\/\/www.hotelferraro.it\/it\/privacy\/\",\"name\":\"infomazioni sulla privacy - Hotel Ferraro\",\"isPartOf\":{\"@id\":\"https:\/\/www.hotelferraro.it\/#website\"},\"datePublished\":\"2014-05-25T22:14:01+00:00\",\"dateModified\":\"2025-07-17T17:19:38+00:00\",\"breadcrumb\":{\"@id\":\"https:\/\/www.hotelferraro.it\/it\/privacy\/#breadcrumb\"},\"inLanguage\":\"it-IT\",\"potentialAction\":[{\"@type\":\"ReadAction\",\"target\":[\"https:\/\/www.hotelferraro.it\/it\/privacy\/\"]}]},{\"@type\":\"BreadcrumbList\",\"@id\":\"https:\/\/www.hotelferraro.it\/it\/privacy\/#breadcrumb\",\"itemListElement\":[{\"@type\":\"ListItem\",\"position\":1,\"name\":\"Home\",\"item\":\"https:\/\/www.hotelferraro.it\/it\/\"},{\"@type\":\"ListItem\",\"position\":2,\"name\":\"infomazioni sulla privacy\"}]},{\"@type\":\"WebSite\",\"@id\":\"https:\/\/www.hotelferraro.it\/#website\",\"url\":\"https:\/\/www.hotelferraro.it\/\",\"name\":\"Hotel Ferraro\",\"description\":\"Just another WordPress site\",\"potentialAction\":[{\"@type\":\"SearchAction\",\"target\":{\"@type\":\"EntryPoint\",\"urlTemplate\":\"https:\/\/www.hotelferraro.it\/?s={search_term_string}\"},\"query-input\":{\"@type\":\"PropertyValueSpecification\",\"valueRequired\":true,\"valueName\":\"search_term_string\"}}],\"inLanguage\":\"it-IT\"}]}<\/script>\n<!-- \/ Yoast SEO plugin. -->","yoast_head_json":{"title":"infomazioni sulla privacy - Hotel Ferraro","robots":{"index":"index","follow":"follow","max-snippet":"max-snippet:-1","max-image-preview":"max-image-preview:large","max-video-preview":"max-video-preview:-1"},"canonical":"https:\/\/www.hotelferraro.it\/it\/privacy\/","og_locale":"it_IT","og_type":"article","og_title":"infomazioni sulla privacy - Hotel Ferraro","og_description":"Informativa Privacy: INFORMATIVA PER IL TRATTAMENTO DEI DATI PERSONALI &nbsp; PREMESSA\u00a0 Le modalit\u00e0 di gestione del sito sono descritte nella sezione Politiche di sicurezza del nostro sito che rappresenta la manifestazione dell\u2019Informativa agli interessati resa ai sensi dell&#8217;art. 13 del Reg. UE 679\/2016 Regolamento europeo sulla protezione dei dati personali (GDPR) (di seguito anche \u201cil [&hellip;]","og_url":"https:\/\/www.hotelferraro.it\/it\/privacy\/","og_site_name":"Hotel Ferraro","article_modified_time":"2025-07-17T17:19:38+00:00","twitter_misc":{"Tempo di lettura stimato":"9 minuti"},"schema":{"@context":"https:\/\/schema.org","@graph":[{"@type":"WebPage","@id":"https:\/\/www.hotelferraro.it\/it\/privacy\/","url":"https:\/\/www.hotelferraro.it\/it\/privacy\/","name":"infomazioni sulla privacy - Hotel Ferraro","isPartOf":{"@id":"https:\/\/www.hotelferraro.it\/#website"},"datePublished":"2014-05-25T22:14:01+00:00","dateModified":"2025-07-17T17:19:38+00:00","breadcrumb":{"@id":"https:\/\/www.hotelferraro.it\/it\/privacy\/#breadcrumb"},"inLanguage":"it-IT","potentialAction":[{"@type":"ReadAction","target":["https:\/\/www.hotelferraro.it\/it\/privacy\/"]}]},{"@type":"BreadcrumbList","@id":"https:\/\/www.hotelferraro.it\/it\/privacy\/#breadcrumb","itemListElement":[{"@type":"ListItem","position":1,"name":"Home","item":"https:\/\/www.hotelferraro.it\/it\/"},{"@type":"ListItem","position":2,"name":"infomazioni sulla privacy"}]},{"@type":"WebSite","@id":"https:\/\/www.hotelferraro.it\/#website","url":"https:\/\/www.hotelferraro.it\/","name":"Hotel Ferraro","description":"Just another WordPress site","potentialAction":[{"@type":"SearchAction","target":{"@type":"EntryPoint","urlTemplate":"https:\/\/www.hotelferraro.it\/?s={search_term_string}"},"query-input":{"@type":"PropertyValueSpecification","valueRequired":true,"valueName":"search_term_string"}}],"inLanguage":"it-IT"}]}},"_links":{"self":[{"href":"https:\/\/www.hotelferraro.it\/it\/wp-json\/wp\/v2\/pages\/233","targetHints":{"allow":["GET"]}}],"collection":[{"href":"https:\/\/www.hotelferraro.it\/it\/wp-json\/wp\/v2\/pages"}],"about":[{"href":"https:\/\/www.hotelferraro.it\/it\/wp-json\/wp\/v2\/types\/page"}],"author":[{"embeddable":true,"href":"https:\/\/www.hotelferraro.it\/it\/wp-json\/wp\/v2\/users\/2"}],"replies":[{"embeddable":true,"href":"https:\/\/www.hotelferraro.it\/it\/wp-json\/wp\/v2\/comments?post=233"}],"version-history":[{"count":8,"href":"https:\/\/www.hotelferraro.it\/it\/wp-json\/wp\/v2\/pages\/233\/revisions"}],"predecessor-version":[{"id":425,"href":"https:\/\/www.hotelferraro.it\/it\/wp-json\/wp\/v2\/pages\/233\/revisions\/425"}],"wp:attachment":[{"href":"https:\/\/www.hotelferraro.it\/it\/wp-json\/wp\/v2\/media?parent=233"}],"curies":[{"name":"wp","href":"https:\/\/api.w.org\/{rel}","templated":true}]}}