{"id":13,"date":"2014-04-11T07:57:13","date_gmt":"2014-04-11T07:57:13","guid":{"rendered":"http:\/\/www.hotelferraro.it\/live\/?page_id=13"},"modified":"2014-05-24T14:59:36","modified_gmt":"2014-05-24T12:59:36","slug":"posizione","status":"publish","type":"page","link":"https:\/\/www.hotelferraro.it\/it\/posizione\/","title":{"rendered":"Posizione"},"content":{"rendered":"<h2>Al centro di Roma<\/h2>\n<div class=\"dotted\"><\/div>\n<p>L\u2019<strong>Hotel Ferraro<\/strong> si trova nel cuore della Citt\u00e0 Eterna, a pochissimi passi dal<strong> Colosseo<\/strong>, dall\u2019Arco di Costantino e dai <strong>Fori Romani<\/strong>.<\/p>\n<p>Nelle vicinanze si trovano anche la Basilica di S. Pietro in Vincoli, all\u2019interno della quale \u00e8 conservato il famoso Mos\u00e8 di Michelangelo e la Basilica barocca di S. Clemente.<\/p>\n<p>Il <strong>quartier Monti <\/strong>\u00e8, ormai, uno dei quartieri pi\u00f9 frequentati dai Vip romani, poich\u00e9 \u00e8 particolarmente centrale rispetto a un gran numero di musei, ristoranti, teatri, cinema, e tanti altri servizi.<\/p>\n<div id=\"map-canvas\" style=\"width: 50%; height: 400px; float: left;\"><\/div>\n<div id=\"pano\" style=\"width: 50%; height: 400px; float: left;\"><\/div><br clear=\"all\" \/><br \/>\n\n<p>Raggiungere l\u2019<strong>Hotel Ferraro<\/strong> \u00e8 facile: provenendo dall&#8217;aeroporto Leonardo Da Vinci &#8211; Fiumicino con il treno denominato Leonardo Express (frequenza ogni 30 minuti circa) \u00e8 possibile arrivare alla stazione centrale Termini.<\/p>\n<p>Giunti alla stazione Termini \u00e8 possibile utilizzare la metro B in direzione Laurentina, scendendo alla fermata Cavour o, in alternativa, con il bus 75, scendendo sempre alla fermata Cavour. Se si proviene, invece, dall&#8217;aeroporto di Ciampino, si pu\u00f2 utilizzare il bus Terravision per raggiungere la stazione centrale Termini o il Bus che collega Ciampino apt con la stazione metro Anagnina proseguendo in metro fino a stazione Termini (soluzione low-cost).<\/p>\n<p>Se si utilizza l&#8217;automobile, da qualsiasi autostrada italiana, uscire sul grande raccordo anulare detto GRA, una volta nel GRA si raggiunga l&#8217;uscita pi\u00f9 vicina con direzione Roma Centro e si prosegua fino a raggiungere la stazione centrale Termini; fronte stazione si svolti a sinistra in Via Cavour.<\/p>\n<p>&nbsp;<\/p>\n","protected":false},"excerpt":{"rendered":"<p>Al centro di Roma L\u2019Hotel Ferraro si trova nel cuore della Citt\u00e0 Eterna, a pochissimi passi dal Colosseo, dall\u2019Arco di Costantino e dai Fori Romani. Nelle vicinanze si trovano anche la Basilica di S. Pietro in Vincoli, all\u2019interno della quale \u00e8 conservato il famoso Mos\u00e8 di Michelangelo e la Basilica barocca di S. Clemente. Il [&hellip;]<\/p>\n","protected":false},"author":2,"featured_media":0,"parent":0,"menu_order":0,"comment_status":"open","ping_status":"open","template":"","meta":{"footnotes":""},"class_list":["post-13","page","type-page","status-publish","hentry"],"yoast_head":"<!-- This site is optimized with the Yoast SEO plugin v26.9 - https:\/\/yoast.com\/product\/yoast-seo-wordpress\/ -->\n<title>Hotel Roma Fori Imperiali | Hotel vicino al Colosseo| Hotel vicino stazione Termini Roma| Alberghi vicino Via Cavour Roma | Hotel a Roma via Cavour | Hotel vicino quartiere Monti a Roma<\/title>\n<meta name=\"robots\" content=\"index, follow, max-snippet:-1, max-image-preview:large, max-video-preview:-1\" \/>\n<link rel=\"canonical\" href=\"https:\/\/www.hotelferraro.it\/it\/posizione\/\" \/>\n<meta property=\"og:locale\" content=\"it_IT\" \/>\n<meta property=\"og:type\" content=\"article\" \/>\n<meta property=\"og:title\" content=\"Hotel Roma Fori Imperiali | Hotel vicino al Colosseo| Hotel vicino stazione Termini Roma| Alberghi vicino Via Cavour Roma | Hotel a Roma via Cavour | Hotel vicino quartiere Monti a Roma\" \/>\n<meta property=\"og:description\" content=\"Al centro di Roma L\u2019Hotel Ferraro si trova nel cuore della Citt\u00e0 Eterna, a pochissimi passi dal Colosseo, dall\u2019Arco di Costantino e dai Fori Romani. Nelle vicinanze si trovano anche la Basilica di S. Pietro in Vincoli, all\u2019interno della quale \u00e8 conservato il famoso Mos\u00e8 di Michelangelo e la Basilica barocca di S. Clemente. Il [&hellip;]\" \/>\n<meta property=\"og:url\" content=\"https:\/\/www.hotelferraro.it\/it\/posizione\/\" \/>\n<meta property=\"og:site_name\" content=\"Hotel Ferraro\" \/>\n<meta property=\"article:modified_time\" content=\"2014-05-24T12:59:36+00:00\" \/>\n<meta name=\"twitter:label1\" content=\"Tempo di lettura stimato\" \/>\n\t<meta name=\"twitter:data1\" content=\"1 minuto\" \/>\n<script type=\"application\/ld+json\" class=\"yoast-schema-graph\">{\"@context\":\"https:\/\/schema.org\",\"@graph\":[{\"@type\":\"WebPage\",\"@id\":\"https:\/\/www.hotelferraro.it\/it\/posizione\/\",\"url\":\"https:\/\/www.hotelferraro.it\/it\/posizione\/\",\"name\":\"Hotel Roma Fori Imperiali | Hotel vicino al Colosseo| Hotel vicino stazione Termini Roma| Alberghi vicino Via Cavour Roma | Hotel a Roma via Cavour | Hotel vicino quartiere Monti a Roma\",\"isPartOf\":{\"@id\":\"https:\/\/www.hotelferraro.it\/#website\"},\"datePublished\":\"2014-04-11T07:57:13+00:00\",\"dateModified\":\"2014-05-24T12:59:36+00:00\",\"breadcrumb\":{\"@id\":\"https:\/\/www.hotelferraro.it\/it\/posizione\/#breadcrumb\"},\"inLanguage\":\"it-IT\",\"potentialAction\":[{\"@type\":\"ReadAction\",\"target\":[\"https:\/\/www.hotelferraro.it\/it\/posizione\/\"]}]},{\"@type\":\"BreadcrumbList\",\"@id\":\"https:\/\/www.hotelferraro.it\/it\/posizione\/#breadcrumb\",\"itemListElement\":[{\"@type\":\"ListItem\",\"position\":1,\"name\":\"Home\",\"item\":\"https:\/\/www.hotelferraro.it\/it\/\"},{\"@type\":\"ListItem\",\"position\":2,\"name\":\"Posizione\"}]},{\"@type\":\"WebSite\",\"@id\":\"https:\/\/www.hotelferraro.it\/#website\",\"url\":\"https:\/\/www.hotelferraro.it\/\",\"name\":\"Hotel Ferraro\",\"description\":\"Just another WordPress site\",\"potentialAction\":[{\"@type\":\"SearchAction\",\"target\":{\"@type\":\"EntryPoint\",\"urlTemplate\":\"https:\/\/www.hotelferraro.it\/?s={search_term_string}\"},\"query-input\":{\"@type\":\"PropertyValueSpecification\",\"valueRequired\":true,\"valueName\":\"search_term_string\"}}],\"inLanguage\":\"it-IT\"}]}<\/script>\n<!-- \/ Yoast SEO plugin. -->","yoast_head_json":{"title":"Hotel Roma Fori Imperiali | Hotel vicino al Colosseo| Hotel vicino stazione Termini Roma| Alberghi vicino Via Cavour Roma | Hotel a Roma via Cavour | Hotel vicino quartiere Monti a Roma","robots":{"index":"index","follow":"follow","max-snippet":"max-snippet:-1","max-image-preview":"max-image-preview:large","max-video-preview":"max-video-preview:-1"},"canonical":"https:\/\/www.hotelferraro.it\/it\/posizione\/","og_locale":"it_IT","og_type":"article","og_title":"Hotel Roma Fori Imperiali | Hotel vicino al Colosseo| Hotel vicino stazione Termini Roma| Alberghi vicino Via Cavour Roma | Hotel a Roma via Cavour | Hotel vicino quartiere Monti a Roma","og_description":"Al centro di Roma L\u2019Hotel Ferraro si trova nel cuore della Citt\u00e0 Eterna, a pochissimi passi dal Colosseo, dall\u2019Arco di Costantino e dai Fori Romani. Nelle vicinanze si trovano anche la Basilica di S. Pietro in Vincoli, all\u2019interno della quale \u00e8 conservato il famoso Mos\u00e8 di Michelangelo e la Basilica barocca di S. Clemente. Il [&hellip;]","og_url":"https:\/\/www.hotelferraro.it\/it\/posizione\/","og_site_name":"Hotel Ferraro","article_modified_time":"2014-05-24T12:59:36+00:00","twitter_misc":{"Tempo di lettura stimato":"1 minuto"},"schema":{"@context":"https:\/\/schema.org","@graph":[{"@type":"WebPage","@id":"https:\/\/www.hotelferraro.it\/it\/posizione\/","url":"https:\/\/www.hotelferraro.it\/it\/posizione\/","name":"Hotel Roma Fori Imperiali | Hotel vicino al Colosseo| Hotel vicino stazione Termini Roma| Alberghi vicino Via Cavour Roma | Hotel a Roma via Cavour | Hotel vicino quartiere Monti a Roma","isPartOf":{"@id":"https:\/\/www.hotelferraro.it\/#website"},"datePublished":"2014-04-11T07:57:13+00:00","dateModified":"2014-05-24T12:59:36+00:00","breadcrumb":{"@id":"https:\/\/www.hotelferraro.it\/it\/posizione\/#breadcrumb"},"inLanguage":"it-IT","potentialAction":[{"@type":"ReadAction","target":["https:\/\/www.hotelferraro.it\/it\/posizione\/"]}]},{"@type":"BreadcrumbList","@id":"https:\/\/www.hotelferraro.it\/it\/posizione\/#breadcrumb","itemListElement":[{"@type":"ListItem","position":1,"name":"Home","item":"https:\/\/www.hotelferraro.it\/it\/"},{"@type":"ListItem","position":2,"name":"Posizione"}]},{"@type":"WebSite","@id":"https:\/\/www.hotelferraro.it\/#website","url":"https:\/\/www.hotelferraro.it\/","name":"Hotel Ferraro","description":"Just another WordPress site","potentialAction":[{"@type":"SearchAction","target":{"@type":"EntryPoint","urlTemplate":"https:\/\/www.hotelferraro.it\/?s={search_term_string}"},"query-input":{"@type":"PropertyValueSpecification","valueRequired":true,"valueName":"search_term_string"}}],"inLanguage":"it-IT"}]}},"_links":{"self":[{"href":"https:\/\/www.hotelferraro.it\/it\/wp-json\/wp\/v2\/pages\/13","targetHints":{"allow":["GET"]}}],"collection":[{"href":"https:\/\/www.hotelferraro.it\/it\/wp-json\/wp\/v2\/pages"}],"about":[{"href":"https:\/\/www.hotelferraro.it\/it\/wp-json\/wp\/v2\/types\/page"}],"author":[{"embeddable":true,"href":"https:\/\/www.hotelferraro.it\/it\/wp-json\/wp\/v2\/users\/2"}],"replies":[{"embeddable":true,"href":"https:\/\/www.hotelferraro.it\/it\/wp-json\/wp\/v2\/comments?post=13"}],"version-history":[{"count":7,"href":"https:\/\/www.hotelferraro.it\/it\/wp-json\/wp\/v2\/pages\/13\/revisions"}],"predecessor-version":[{"id":224,"href":"https:\/\/www.hotelferraro.it\/it\/wp-json\/wp\/v2\/pages\/13\/revisions\/224"}],"wp:attachment":[{"href":"https:\/\/www.hotelferraro.it\/it\/wp-json\/wp\/v2\/media?parent=13"}],"curies":[{"name":"wp","href":"https:\/\/api.w.org\/{rel}","templated":true}]}}