{"id":11,"date":"2014-04-11T07:56:25","date_gmt":"2014-04-11T07:56:25","guid":{"rendered":"http:\/\/www.hotelferraro.it\/live\/?page_id=11"},"modified":"2024-02-02T19:44:14","modified_gmt":"2024-02-02T17:44:14","slug":"camere","status":"publish","type":"page","link":"https:\/\/www.hotelferraro.it\/it\/camere\/","title":{"rendered":"Camere"},"content":{"rendered":"<h2>Le nostre camere<\/h2>\n<div class=\"dotted\"><\/div>\n<p>L\u2019Hotel Ferraro dispone di dieci camere, doppie, triple e familiari tutte corredate di ogni comfort ed offre un servizio di mezza pensione o pensione completa di alta qualit\u00e0.<\/p>\n<p>Tutte le camere sono confortevoli e accoglienti, dotate di bagno privato, con vasca o doccia, linea di cortesia nel bagno e nelle camere, tv, aria condizionata, minibar, letti anallergici e ignifughi.<\/p>\n<p>Dalle camere che si affacciano sull\u2019elegante Via Cavour \u00e8 possibile ammirare le meraviglie del centro storico e una suggestiva vista sul Foro Romano. Vi sono, poi, le camere pi\u00f9 silenziose e tranquille, che si affacciano al cortile interno, pensate per offrire momenti di relax e privacy.<\/p>\n<p>Le quattro Suite Imperiali, a poca distanza dall\u2019hotel, di ampia metratura,\u00a0sono, anch\u2019esse, eleganti, dotate di ogni comfort e dispongono, in aggiunta, di doccia idromassaggio e musica di sottofondo.<\/p>\n<p>Ancora pi\u00f9 suggestive per la loro architettura e per il piccolo portale d\u2019epoca che ivi introduce, esse sono situate in uno dei vicoli pi\u00f9 caratteristici e ricercati della capitale e ancora pi\u00f9 centrali rispetto ai principali luoghi di attrazione e servizi del cuore di Roma. Su richiesta vi \u00e8, inoltre la possibilit\u00e0, di richiedere camere per fumatori e sono sempre benvenuti i vostri animali.<\/p>\n","protected":false},"excerpt":{"rendered":"<p>Le nostre camere L\u2019Hotel Ferraro dispone di dieci camere, doppie, triple e familiari tutte corredate di ogni comfort ed offre un servizio di mezza pensione o pensione completa di alta qualit\u00e0. Tutte le camere sono confortevoli e accoglienti, dotate di bagno privato, con vasca o doccia, linea di cortesia nel bagno e nelle camere, tv, [&hellip;]<\/p>\n","protected":false},"author":2,"featured_media":0,"parent":0,"menu_order":0,"comment_status":"open","ping_status":"open","template":"","meta":{"footnotes":""},"class_list":["post-11","page","type-page","status-publish","hentry"],"yoast_head":"<!-- This site is optimized with the Yoast SEO plugin v26.9 - https:\/\/yoast.com\/product\/yoast-seo-wordpress\/ -->\n<title>Camere - Hotel Ferraro<\/title>\n<meta name=\"robots\" content=\"index, follow, max-snippet:-1, max-image-preview:large, max-video-preview:-1\" \/>\n<link rel=\"canonical\" href=\"https:\/\/www.hotelferraro.it\/it\/camere\/\" \/>\n<meta property=\"og:locale\" content=\"it_IT\" \/>\n<meta property=\"og:type\" content=\"article\" \/>\n<meta property=\"og:title\" content=\"Camere - Hotel Ferraro\" \/>\n<meta property=\"og:description\" content=\"Le nostre camere L\u2019Hotel Ferraro dispone di dieci camere, doppie, triple e familiari tutte corredate di ogni comfort ed offre un servizio di mezza pensione o pensione completa di alta qualit\u00e0. Tutte le camere sono confortevoli e accoglienti, dotate di bagno privato, con vasca o doccia, linea di cortesia nel bagno e nelle camere, tv, [&hellip;]\" \/>\n<meta property=\"og:url\" content=\"https:\/\/www.hotelferraro.it\/it\/camere\/\" \/>\n<meta property=\"og:site_name\" content=\"Hotel Ferraro\" \/>\n<meta property=\"article:modified_time\" content=\"2024-02-02T17:44:14+00:00\" \/>\n<meta name=\"twitter:label1\" content=\"Tempo di lettura stimato\" \/>\n\t<meta name=\"twitter:data1\" content=\"1 minuto\" \/>\n<script type=\"application\/ld+json\" class=\"yoast-schema-graph\">{\"@context\":\"https:\/\/schema.org\",\"@graph\":[{\"@type\":\"WebPage\",\"@id\":\"https:\/\/www.hotelferraro.it\/it\/camere\/\",\"url\":\"https:\/\/www.hotelferraro.it\/it\/camere\/\",\"name\":\"Camere - Hotel Ferraro\",\"isPartOf\":{\"@id\":\"https:\/\/www.hotelferraro.it\/#website\"},\"datePublished\":\"2014-04-11T07:56:25+00:00\",\"dateModified\":\"2024-02-02T17:44:14+00:00\",\"breadcrumb\":{\"@id\":\"https:\/\/www.hotelferraro.it\/it\/camere\/#breadcrumb\"},\"inLanguage\":\"it-IT\",\"potentialAction\":[{\"@type\":\"ReadAction\",\"target\":[\"https:\/\/www.hotelferraro.it\/it\/camere\/\"]}]},{\"@type\":\"BreadcrumbList\",\"@id\":\"https:\/\/www.hotelferraro.it\/it\/camere\/#breadcrumb\",\"itemListElement\":[{\"@type\":\"ListItem\",\"position\":1,\"name\":\"Home\",\"item\":\"https:\/\/www.hotelferraro.it\/it\/\"},{\"@type\":\"ListItem\",\"position\":2,\"name\":\"Camere\"}]},{\"@type\":\"WebSite\",\"@id\":\"https:\/\/www.hotelferraro.it\/#website\",\"url\":\"https:\/\/www.hotelferraro.it\/\",\"name\":\"Hotel Ferraro\",\"description\":\"Just another WordPress site\",\"potentialAction\":[{\"@type\":\"SearchAction\",\"target\":{\"@type\":\"EntryPoint\",\"urlTemplate\":\"https:\/\/www.hotelferraro.it\/?s={search_term_string}\"},\"query-input\":{\"@type\":\"PropertyValueSpecification\",\"valueRequired\":true,\"valueName\":\"search_term_string\"}}],\"inLanguage\":\"it-IT\"}]}<\/script>\n<!-- \/ Yoast SEO plugin. -->","yoast_head_json":{"title":"Camere - Hotel Ferraro","robots":{"index":"index","follow":"follow","max-snippet":"max-snippet:-1","max-image-preview":"max-image-preview:large","max-video-preview":"max-video-preview:-1"},"canonical":"https:\/\/www.hotelferraro.it\/it\/camere\/","og_locale":"it_IT","og_type":"article","og_title":"Camere - Hotel Ferraro","og_description":"Le nostre camere L\u2019Hotel Ferraro dispone di dieci camere, doppie, triple e familiari tutte corredate di ogni comfort ed offre un servizio di mezza pensione o pensione completa di alta qualit\u00e0. Tutte le camere sono confortevoli e accoglienti, dotate di bagno privato, con vasca o doccia, linea di cortesia nel bagno e nelle camere, tv, [&hellip;]","og_url":"https:\/\/www.hotelferraro.it\/it\/camere\/","og_site_name":"Hotel Ferraro","article_modified_time":"2024-02-02T17:44:14+00:00","twitter_misc":{"Tempo di lettura stimato":"1 minuto"},"schema":{"@context":"https:\/\/schema.org","@graph":[{"@type":"WebPage","@id":"https:\/\/www.hotelferraro.it\/it\/camere\/","url":"https:\/\/www.hotelferraro.it\/it\/camere\/","name":"Camere - Hotel Ferraro","isPartOf":{"@id":"https:\/\/www.hotelferraro.it\/#website"},"datePublished":"2014-04-11T07:56:25+00:00","dateModified":"2024-02-02T17:44:14+00:00","breadcrumb":{"@id":"https:\/\/www.hotelferraro.it\/it\/camere\/#breadcrumb"},"inLanguage":"it-IT","potentialAction":[{"@type":"ReadAction","target":["https:\/\/www.hotelferraro.it\/it\/camere\/"]}]},{"@type":"BreadcrumbList","@id":"https:\/\/www.hotelferraro.it\/it\/camere\/#breadcrumb","itemListElement":[{"@type":"ListItem","position":1,"name":"Home","item":"https:\/\/www.hotelferraro.it\/it\/"},{"@type":"ListItem","position":2,"name":"Camere"}]},{"@type":"WebSite","@id":"https:\/\/www.hotelferraro.it\/#website","url":"https:\/\/www.hotelferraro.it\/","name":"Hotel Ferraro","description":"Just another WordPress site","potentialAction":[{"@type":"SearchAction","target":{"@type":"EntryPoint","urlTemplate":"https:\/\/www.hotelferraro.it\/?s={search_term_string}"},"query-input":{"@type":"PropertyValueSpecification","valueRequired":true,"valueName":"search_term_string"}}],"inLanguage":"it-IT"}]}},"_links":{"self":[{"href":"https:\/\/www.hotelferraro.it\/it\/wp-json\/wp\/v2\/pages\/11","targetHints":{"allow":["GET"]}}],"collection":[{"href":"https:\/\/www.hotelferraro.it\/it\/wp-json\/wp\/v2\/pages"}],"about":[{"href":"https:\/\/www.hotelferraro.it\/it\/wp-json\/wp\/v2\/types\/page"}],"author":[{"embeddable":true,"href":"https:\/\/www.hotelferraro.it\/it\/wp-json\/wp\/v2\/users\/2"}],"replies":[{"embeddable":true,"href":"https:\/\/www.hotelferraro.it\/it\/wp-json\/wp\/v2\/comments?post=11"}],"version-history":[{"count":9,"href":"https:\/\/www.hotelferraro.it\/it\/wp-json\/wp\/v2\/pages\/11\/revisions"}],"predecessor-version":[{"id":400,"href":"https:\/\/www.hotelferraro.it\/it\/wp-json\/wp\/v2\/pages\/11\/revisions\/400"}],"wp:attachment":[{"href":"https:\/\/www.hotelferraro.it\/it\/wp-json\/wp\/v2\/media?parent=11"}],"curies":[{"name":"wp","href":"https:\/\/api.w.org\/{rel}","templated":true}]}}