{"id":190,"date":"2014-05-11T20:55:38","date_gmt":"2014-05-11T18:55:38","guid":{"rendered":"http:\/\/www.hotelferraro.it\/live\/?page_id=190"},"modified":"2024-02-02T20:02:32","modified_gmt":"2024-02-02T18:02:32","slug":"habitaciones","status":"publish","type":"page","link":"https:\/\/www.hotelferraro.it\/es\/habitaciones\/","title":{"rendered":"Habitaciones"},"content":{"rendered":"<h2>Habitaciones<\/h2>\n<div class=\"dotted\"><\/div>\n<p>El Hotel Ferraro dispone de diez habitaciones, dobles, triples y familiares, todas ellas equipadas con todas las comodidades que ofrece un r\u00e9gimen de media pensi\u00f3n o pensi\u00f3n completa de alta calidad.<\/p>\n<p>Todas las habitaciones son confortables y acogedoras, dotada de ba\u00f1o privado, con ba\u00f1o o ducha, l\u00ednea de art\u00edculos en el ba\u00f1o y dormitorios, tv, aire acondicionado, mini bar, camas hipo alerg\u00e9nicas e ignifugas.<\/p>\n<p>Desde las habitaciones que dan a la elegante V\u00eda Cavour es posible admirar las maravillas de la ciudad vieja y una pintoresca vista del Foro Romano.<\/p>\n<p>Hay habitaciones m\u00e1s pac\u00edficas y tranquilas, con vistas al patio, dise\u00f1adas para ofrecer relax y privacidad.<\/p>\n<p>Las cuatro suites imperiales, que se encuentran a poca distancia del hotel, son de gran tama\u00f1o, elegantes, equipadas con todas las comodidades, adem\u00e1s de una ducha con hidromasaje e hilo musical.<\/p>\n<p>Estas Suites impresionan por su arquitectura y el portal que te lleva a ellas, se encuentra en una de las calles m\u00e1s codiciadas, atractivas y caracter\u00edsticas de la capital, en pleno coraz\u00f3n de Roma.<\/p>\n<p>Existe la posibilidad de solicitar habitaci\u00f3n para fumadores, y sus mascotas son siempre bienvenidas.<\/p>\n","protected":false},"excerpt":{"rendered":"<p>Habitaciones El Hotel Ferraro dispone de diez habitaciones, dobles, triples y familiares, todas ellas equipadas con todas las comodidades que ofrece un r\u00e9gimen de media pensi\u00f3n o pensi\u00f3n completa de alta calidad. Todas las habitaciones son confortables y acogedoras, dotada de ba\u00f1o privado, con ba\u00f1o o ducha, l\u00ednea de art\u00edculos en el ba\u00f1o y dormitorios, [&hellip;]<\/p>\n","protected":false},"author":2,"featured_media":0,"parent":0,"menu_order":0,"comment_status":"open","ping_status":"open","template":"","meta":{"footnotes":""},"class_list":["post-190","page","type-page","status-publish","hentry"],"yoast_head":"<!-- This site is optimized with the Yoast SEO plugin v26.9 - https:\/\/yoast.com\/product\/yoast-seo-wordpress\/ -->\n<title>Habitaciones - Hotel Ferraro<\/title>\n<meta name=\"robots\" content=\"index, follow, max-snippet:-1, max-image-preview:large, max-video-preview:-1\" \/>\n<link rel=\"canonical\" href=\"https:\/\/www.hotelferraro.it\/es\/habitaciones\/\" \/>\n<meta property=\"og:locale\" content=\"es_ES\" \/>\n<meta property=\"og:type\" content=\"article\" \/>\n<meta property=\"og:title\" content=\"Habitaciones - Hotel Ferraro\" \/>\n<meta property=\"og:description\" content=\"Habitaciones El Hotel Ferraro dispone de diez habitaciones, dobles, triples y familiares, todas ellas equipadas con todas las comodidades que ofrece un r\u00e9gimen de media pensi\u00f3n o pensi\u00f3n completa de alta calidad. Todas las habitaciones son confortables y acogedoras, dotada de ba\u00f1o privado, con ba\u00f1o o ducha, l\u00ednea de art\u00edculos en el ba\u00f1o y dormitorios, [&hellip;]\" \/>\n<meta property=\"og:url\" content=\"https:\/\/www.hotelferraro.it\/es\/habitaciones\/\" \/>\n<meta property=\"og:site_name\" content=\"Hotel Ferraro\" \/>\n<meta property=\"article:modified_time\" content=\"2024-02-02T18:02:32+00:00\" \/>\n<meta name=\"twitter:label1\" content=\"Tiempo de lectura\" \/>\n\t<meta name=\"twitter:data1\" content=\"1 minuto\" \/>\n<script type=\"application\/ld+json\" class=\"yoast-schema-graph\">{\"@context\":\"https:\/\/schema.org\",\"@graph\":[{\"@type\":\"WebPage\",\"@id\":\"https:\/\/www.hotelferraro.it\/es\/habitaciones\/\",\"url\":\"https:\/\/www.hotelferraro.it\/es\/habitaciones\/\",\"name\":\"Habitaciones - Hotel Ferraro\",\"isPartOf\":{\"@id\":\"https:\/\/www.hotelferraro.it\/#website\"},\"datePublished\":\"2014-05-11T18:55:38+00:00\",\"dateModified\":\"2024-02-02T18:02:32+00:00\",\"breadcrumb\":{\"@id\":\"https:\/\/www.hotelferraro.it\/es\/habitaciones\/#breadcrumb\"},\"inLanguage\":\"es\",\"potentialAction\":[{\"@type\":\"ReadAction\",\"target\":[\"https:\/\/www.hotelferraro.it\/es\/habitaciones\/\"]}]},{\"@type\":\"BreadcrumbList\",\"@id\":\"https:\/\/www.hotelferraro.it\/es\/habitaciones\/#breadcrumb\",\"itemListElement\":[{\"@type\":\"ListItem\",\"position\":1,\"name\":\"Home\",\"item\":\"https:\/\/www.hotelferraro.it\/es\/\"},{\"@type\":\"ListItem\",\"position\":2,\"name\":\"Habitaciones\"}]},{\"@type\":\"WebSite\",\"@id\":\"https:\/\/www.hotelferraro.it\/#website\",\"url\":\"https:\/\/www.hotelferraro.it\/\",\"name\":\"Hotel Ferraro\",\"description\":\"Just another WordPress site\",\"potentialAction\":[{\"@type\":\"SearchAction\",\"target\":{\"@type\":\"EntryPoint\",\"urlTemplate\":\"https:\/\/www.hotelferraro.it\/?s={search_term_string}\"},\"query-input\":{\"@type\":\"PropertyValueSpecification\",\"valueRequired\":true,\"valueName\":\"search_term_string\"}}],\"inLanguage\":\"es\"}]}<\/script>\n<!-- \/ Yoast SEO plugin. -->","yoast_head_json":{"title":"Habitaciones - Hotel Ferraro","robots":{"index":"index","follow":"follow","max-snippet":"max-snippet:-1","max-image-preview":"max-image-preview:large","max-video-preview":"max-video-preview:-1"},"canonical":"https:\/\/www.hotelferraro.it\/es\/habitaciones\/","og_locale":"es_ES","og_type":"article","og_title":"Habitaciones - Hotel Ferraro","og_description":"Habitaciones El Hotel Ferraro dispone de diez habitaciones, dobles, triples y familiares, todas ellas equipadas con todas las comodidades que ofrece un r\u00e9gimen de media pensi\u00f3n o pensi\u00f3n completa de alta calidad. Todas las habitaciones son confortables y acogedoras, dotada de ba\u00f1o privado, con ba\u00f1o o ducha, l\u00ednea de art\u00edculos en el ba\u00f1o y dormitorios, [&hellip;]","og_url":"https:\/\/www.hotelferraro.it\/es\/habitaciones\/","og_site_name":"Hotel Ferraro","article_modified_time":"2024-02-02T18:02:32+00:00","twitter_misc":{"Tiempo de lectura":"1 minuto"},"schema":{"@context":"https:\/\/schema.org","@graph":[{"@type":"WebPage","@id":"https:\/\/www.hotelferraro.it\/es\/habitaciones\/","url":"https:\/\/www.hotelferraro.it\/es\/habitaciones\/","name":"Habitaciones - Hotel Ferraro","isPartOf":{"@id":"https:\/\/www.hotelferraro.it\/#website"},"datePublished":"2014-05-11T18:55:38+00:00","dateModified":"2024-02-02T18:02:32+00:00","breadcrumb":{"@id":"https:\/\/www.hotelferraro.it\/es\/habitaciones\/#breadcrumb"},"inLanguage":"es","potentialAction":[{"@type":"ReadAction","target":["https:\/\/www.hotelferraro.it\/es\/habitaciones\/"]}]},{"@type":"BreadcrumbList","@id":"https:\/\/www.hotelferraro.it\/es\/habitaciones\/#breadcrumb","itemListElement":[{"@type":"ListItem","position":1,"name":"Home","item":"https:\/\/www.hotelferraro.it\/es\/"},{"@type":"ListItem","position":2,"name":"Habitaciones"}]},{"@type":"WebSite","@id":"https:\/\/www.hotelferraro.it\/#website","url":"https:\/\/www.hotelferraro.it\/","name":"Hotel Ferraro","description":"Just another WordPress site","potentialAction":[{"@type":"SearchAction","target":{"@type":"EntryPoint","urlTemplate":"https:\/\/www.hotelferraro.it\/?s={search_term_string}"},"query-input":{"@type":"PropertyValueSpecification","valueRequired":true,"valueName":"search_term_string"}}],"inLanguage":"es"}]}},"_links":{"self":[{"href":"https:\/\/www.hotelferraro.it\/es\/wp-json\/wp\/v2\/pages\/190","targetHints":{"allow":["GET"]}}],"collection":[{"href":"https:\/\/www.hotelferraro.it\/es\/wp-json\/wp\/v2\/pages"}],"about":[{"href":"https:\/\/www.hotelferraro.it\/es\/wp-json\/wp\/v2\/types\/page"}],"author":[{"embeddable":true,"href":"https:\/\/www.hotelferraro.it\/es\/wp-json\/wp\/v2\/users\/2"}],"replies":[{"embeddable":true,"href":"https:\/\/www.hotelferraro.it\/es\/wp-json\/wp\/v2\/comments?post=190"}],"version-history":[{"count":2,"href":"https:\/\/www.hotelferraro.it\/es\/wp-json\/wp\/v2\/pages\/190\/revisions"}],"predecessor-version":[{"id":401,"href":"https:\/\/www.hotelferraro.it\/es\/wp-json\/wp\/v2\/pages\/190\/revisions\/401"}],"wp:attachment":[{"href":"https:\/\/www.hotelferraro.it\/es\/wp-json\/wp\/v2\/media?parent=190"}],"curies":[{"name":"wp","href":"https:\/\/api.w.org\/{rel}","templated":true}]}}