{"id":186,"date":"2014-05-11T20:41:09","date_gmt":"2014-05-11T18:41:09","guid":{"rendered":"http:\/\/www.hotelferraro.it\/live\/?page_id=186"},"modified":"2017-01-18T00:11:03","modified_gmt":"2017-01-17T22:11:03","slug":"descripcion","status":"publish","type":"page","link":"https:\/\/www.hotelferraro.it\/es\/descripcion\/","title":{"rendered":"Descripci\u00f3n"},"content":{"rendered":"<h2>Descripci\u00f3n<\/h2>\n<div class=\"dotted\"><\/div>\n<p>El <strong>Hotel Ferraro<\/strong> est\u00e1 dirigido por la familia Ferraro, por lo que se respira una atmosfera acogedora y confortable, que ofrece un servicio de alta calidad a precio muy competitivo.<\/p>\n<p>Eso proporciona excelente limpieza y fiabilidad, ofreciendo la m\u00e1xima comodidad y asistencia, con servicio de desayuno buffet al aire libre.<\/p>\n<p>Habitaciones en un entorno hist\u00f3rico de estilo neocl\u00e1sico.<\/p>\n<p>La residencia centenaria se\u00f1orial se encuentra con vistas a la elegante V\u00eda Cavour, ofreciendo una vista \u00fanica al Foro Romano y a su barrio de arquitectura Neocl\u00e1sica.<\/p>\n<p>Algunas de las habitaciones dan a un tranquilo y apacible patio interior, en estos se puede pasar momentos de relajaci\u00f3n y privacidad.<\/p>\n<p><strong>Hotel Ferraro<\/strong> tambi\u00e9n ofrece la posibilidad de reservar cuatro <strong><a href=\"http:\/\/www.suitesimperiali.it\/\" target=\"_blank\">Imperial Suites<\/a><\/strong> a poca distancia del hotel.<\/p>\n<p>Situado en el coraz\u00f3n de Monti, uno de los callejones m\u00e1s fotografiados y buscados de Roma.<br \/>\nHabitaciones amplias y elegantes, equipadas con todas las comodidades.<br \/>\nLa oferta que tambi\u00e9n ofrecemos a nuestros clientes es la posibilidad de reservar el almuerzo y cena en el excelente restaurante a poca distancia <strong>Al Cardello<\/strong>.<br \/>\nDebido a su forma especial y su ubicaci\u00f3n, el <strong>Hotel Ferraro<\/strong> es ideal para diferentes necesidades, viajes de negocios, ocio para j\u00f3venes y familias, ofreciendo un servicio de calidad a precios muy competitivos.<\/p>\n","protected":false},"excerpt":{"rendered":"<p>Descripci\u00f3n El Hotel Ferraro est\u00e1 dirigido por la familia Ferraro, por lo que se respira una atmosfera acogedora y confortable, que ofrece un servicio de alta calidad a precio muy competitivo. Eso proporciona excelente limpieza y fiabilidad, ofreciendo la m\u00e1xima comodidad y asistencia, con servicio de desayuno buffet al aire libre. Habitaciones en un entorno [&hellip;]<\/p>\n","protected":false},"author":2,"featured_media":0,"parent":0,"menu_order":0,"comment_status":"open","ping_status":"open","template":"","meta":{"footnotes":""},"class_list":["post-186","page","type-page","status-publish","hentry"],"yoast_head":"<!-- This site is optimized with the Yoast SEO plugin v26.9 - https:\/\/yoast.com\/product\/yoast-seo-wordpress\/ -->\n<title>hotel de 2 estrellas en Roma | Hoteles de 2 estrellas en el centro de Roma | hoteles baratos Colosseo<\/title>\n<meta name=\"description\" content=\"El Hotel Ferraro en pleno centro de Roma,a s\u00f3lo 5 minutos a pie del Coliseo. Situado en un edificio hist\u00f3rico y caracter\u00edstico con ascensor,\" \/>\n<meta name=\"robots\" content=\"index, follow, max-snippet:-1, max-image-preview:large, max-video-preview:-1\" \/>\n<link rel=\"canonical\" href=\"https:\/\/www.hotelferraro.it\/es\/descripcion\/\" \/>\n<meta property=\"og:locale\" content=\"es_ES\" \/>\n<meta property=\"og:type\" content=\"article\" \/>\n<meta property=\"og:title\" content=\"hotel de 2 estrellas en Roma | Hoteles de 2 estrellas en el centro de Roma | hoteles baratos Colosseo\" \/>\n<meta property=\"og:description\" content=\"El Hotel Ferraro en pleno centro de Roma,a s\u00f3lo 5 minutos a pie del Coliseo. Situado en un edificio hist\u00f3rico y caracter\u00edstico con ascensor,\" \/>\n<meta property=\"og:url\" content=\"https:\/\/www.hotelferraro.it\/es\/descripcion\/\" \/>\n<meta property=\"og:site_name\" content=\"Hotel Ferraro\" \/>\n<meta property=\"article:modified_time\" content=\"2017-01-17T22:11:03+00:00\" \/>\n<meta name=\"twitter:label1\" content=\"Tiempo de lectura\" \/>\n\t<meta name=\"twitter:data1\" content=\"1 minuto\" \/>\n<script type=\"application\/ld+json\" class=\"yoast-schema-graph\">{\"@context\":\"https:\/\/schema.org\",\"@graph\":[{\"@type\":\"WebPage\",\"@id\":\"https:\/\/www.hotelferraro.it\/es\/descripcion\/\",\"url\":\"https:\/\/www.hotelferraro.it\/es\/descripcion\/\",\"name\":\"hotel de 2 estrellas en Roma | Hoteles de 2 estrellas en el centro de Roma | hoteles baratos Colosseo\",\"isPartOf\":{\"@id\":\"https:\/\/www.hotelferraro.it\/#website\"},\"datePublished\":\"2014-05-11T18:41:09+00:00\",\"dateModified\":\"2017-01-17T22:11:03+00:00\",\"description\":\"El Hotel Ferraro en pleno centro de Roma,a s\u00f3lo 5 minutos a pie del Coliseo. Situado en un edificio hist\u00f3rico y caracter\u00edstico con ascensor,\",\"breadcrumb\":{\"@id\":\"https:\/\/www.hotelferraro.it\/es\/descripcion\/#breadcrumb\"},\"inLanguage\":\"es\",\"potentialAction\":[{\"@type\":\"ReadAction\",\"target\":[\"https:\/\/www.hotelferraro.it\/es\/descripcion\/\"]}]},{\"@type\":\"BreadcrumbList\",\"@id\":\"https:\/\/www.hotelferraro.it\/es\/descripcion\/#breadcrumb\",\"itemListElement\":[{\"@type\":\"ListItem\",\"position\":1,\"name\":\"Home\",\"item\":\"https:\/\/www.hotelferraro.it\/es\/\"},{\"@type\":\"ListItem\",\"position\":2,\"name\":\"Descripci\u00f3n\"}]},{\"@type\":\"WebSite\",\"@id\":\"https:\/\/www.hotelferraro.it\/#website\",\"url\":\"https:\/\/www.hotelferraro.it\/\",\"name\":\"Hotel Ferraro\",\"description\":\"Just another WordPress site\",\"potentialAction\":[{\"@type\":\"SearchAction\",\"target\":{\"@type\":\"EntryPoint\",\"urlTemplate\":\"https:\/\/www.hotelferraro.it\/?s={search_term_string}\"},\"query-input\":{\"@type\":\"PropertyValueSpecification\",\"valueRequired\":true,\"valueName\":\"search_term_string\"}}],\"inLanguage\":\"es\"}]}<\/script>\n<!-- \/ Yoast SEO plugin. -->","yoast_head_json":{"title":"hotel de 2 estrellas en Roma | Hoteles de 2 estrellas en el centro de Roma | hoteles baratos Colosseo","description":"El Hotel Ferraro en pleno centro de Roma,a s\u00f3lo 5 minutos a pie del Coliseo. Situado en un edificio hist\u00f3rico y caracter\u00edstico con ascensor,","robots":{"index":"index","follow":"follow","max-snippet":"max-snippet:-1","max-image-preview":"max-image-preview:large","max-video-preview":"max-video-preview:-1"},"canonical":"https:\/\/www.hotelferraro.it\/es\/descripcion\/","og_locale":"es_ES","og_type":"article","og_title":"hotel de 2 estrellas en Roma | Hoteles de 2 estrellas en el centro de Roma | hoteles baratos Colosseo","og_description":"El Hotel Ferraro en pleno centro de Roma,a s\u00f3lo 5 minutos a pie del Coliseo. Situado en un edificio hist\u00f3rico y caracter\u00edstico con ascensor,","og_url":"https:\/\/www.hotelferraro.it\/es\/descripcion\/","og_site_name":"Hotel Ferraro","article_modified_time":"2017-01-17T22:11:03+00:00","twitter_misc":{"Tiempo de lectura":"1 minuto"},"schema":{"@context":"https:\/\/schema.org","@graph":[{"@type":"WebPage","@id":"https:\/\/www.hotelferraro.it\/es\/descripcion\/","url":"https:\/\/www.hotelferraro.it\/es\/descripcion\/","name":"hotel de 2 estrellas en Roma | Hoteles de 2 estrellas en el centro de Roma | hoteles baratos Colosseo","isPartOf":{"@id":"https:\/\/www.hotelferraro.it\/#website"},"datePublished":"2014-05-11T18:41:09+00:00","dateModified":"2017-01-17T22:11:03+00:00","description":"El Hotel Ferraro en pleno centro de Roma,a s\u00f3lo 5 minutos a pie del Coliseo. Situado en un edificio hist\u00f3rico y caracter\u00edstico con ascensor,","breadcrumb":{"@id":"https:\/\/www.hotelferraro.it\/es\/descripcion\/#breadcrumb"},"inLanguage":"es","potentialAction":[{"@type":"ReadAction","target":["https:\/\/www.hotelferraro.it\/es\/descripcion\/"]}]},{"@type":"BreadcrumbList","@id":"https:\/\/www.hotelferraro.it\/es\/descripcion\/#breadcrumb","itemListElement":[{"@type":"ListItem","position":1,"name":"Home","item":"https:\/\/www.hotelferraro.it\/es\/"},{"@type":"ListItem","position":2,"name":"Descripci\u00f3n"}]},{"@type":"WebSite","@id":"https:\/\/www.hotelferraro.it\/#website","url":"https:\/\/www.hotelferraro.it\/","name":"Hotel Ferraro","description":"Just another WordPress site","potentialAction":[{"@type":"SearchAction","target":{"@type":"EntryPoint","urlTemplate":"https:\/\/www.hotelferraro.it\/?s={search_term_string}"},"query-input":{"@type":"PropertyValueSpecification","valueRequired":true,"valueName":"search_term_string"}}],"inLanguage":"es"}]}},"_links":{"self":[{"href":"https:\/\/www.hotelferraro.it\/es\/wp-json\/wp\/v2\/pages\/186","targetHints":{"allow":["GET"]}}],"collection":[{"href":"https:\/\/www.hotelferraro.it\/es\/wp-json\/wp\/v2\/pages"}],"about":[{"href":"https:\/\/www.hotelferraro.it\/es\/wp-json\/wp\/v2\/types\/page"}],"author":[{"embeddable":true,"href":"https:\/\/www.hotelferraro.it\/es\/wp-json\/wp\/v2\/users\/2"}],"replies":[{"embeddable":true,"href":"https:\/\/www.hotelferraro.it\/es\/wp-json\/wp\/v2\/comments?post=186"}],"version-history":[{"count":5,"href":"https:\/\/www.hotelferraro.it\/es\/wp-json\/wp\/v2\/pages\/186\/revisions"}],"predecessor-version":[{"id":357,"href":"https:\/\/www.hotelferraro.it\/es\/wp-json\/wp\/v2\/pages\/186\/revisions\/357"}],"wp:attachment":[{"href":"https:\/\/www.hotelferraro.it\/es\/wp-json\/wp\/v2\/media?parent=186"}],"curies":[{"name":"wp","href":"https:\/\/api.w.org\/{rel}","templated":true}]}}