{"id":184,"date":"2014-05-11T19:21:14","date_gmt":"2014-05-11T17:21:14","guid":{"rendered":"http:\/\/www.hotelferraro.it\/live\/?page_id=184"},"modified":"2014-05-24T15:05:47","modified_gmt":"2014-05-24T13:05:47","slug":"situacion","status":"publish","type":"page","link":"https:\/\/www.hotelferraro.it\/es\/situacion\/","title":{"rendered":"Situaci\u00f3n"},"content":{"rendered":"<h2>En el centro de Roma<\/h2>\n<div class=\"dotted\"><\/div>\n<p>El <strong>Hotel Ferraro<\/strong> se encuentra en el coraz\u00f3n de la ciudad eterna, a pocos pasos del <strong>Coliseo<\/strong>, del Arco del triunfo y del <strong>Foro Romano<\/strong>. Muy cerca se encuentran tambi\u00e9n la Bas\u00edlica de San Pedro, dentro del cual se conserva el famoso mois\u00e9s de Miguel \u00c1ngel y la Bas\u00edlica Barroca de San Clemente. La sede de Monti es ahora uno de los m\u00e1s frecuentados por Vips, sobretodo porque es el centro de un gran n\u00famero de museos, restaurantes, teatros, cines y muchos otros servicios.<\/p>\n<p>Llegar al <strong>Hotel Ferraro<\/strong> es muy f\u00e1cil: viniendo del aeropuerto Leonardo Da Vinci \u2013 en el tren Leonardo Express (que pasa con una frecuencia de cada 30 minutos) a la estaci\u00f3n central Termini. Una vez en la estaci\u00f3n de Termini, puede utilizar la direcci\u00f3n de metro B Laurentina, bajar en la estaci\u00f3n Cavour o alternativamente con el autob\u00fas 75, y bajar en Cavour.<\/p>\n<div id=\"map-canvas\" style=\"width: 50%; height: 400px; float: left;\"><\/div>\n<div id=\"pano\" style=\"width: 50%; height: 400px; float: left;\"><\/div><br clear=\"all\" \/><br \/>\n\n<p>Si se proviene del aeropuerto Ciampino, se puede utilizar el autob\u00fas Terravision para llegar a la estaci\u00f3n central Termini o el autob\u00fas de enlace Ciampino apt con la estaci\u00f3n de metro Anagnina, prosiguiendo en metro hasta la estaci\u00f3n Termini (soluci\u00f3n low-cost).<\/p>\n<p>Si se utiliza el autom\u00f3vil, desde cualquier autopista italiana, salir de la GRA, y coger direcci\u00f3n centro Roma, y siga hasta llegar a la estaci\u00f3n central de Termini; frente a la estaci\u00f3n gire a la Izquierda en V\u00eda Cavour.<\/p>\n<p>Tambi\u00e9n es posible aprovechar el servicio a demanda desde el aeropuerto de Ciampino, y el aeropuerto Leonardo da Vinci \u2013 Fiumicino con un conductor privado, por un precio de 50 \u20ac (m\u00e1ximo 2 personas).<\/p>\n","protected":false},"excerpt":{"rendered":"<p>En el centro de Roma El Hotel Ferraro se encuentra en el coraz\u00f3n de la ciudad eterna, a pocos pasos del Coliseo, del Arco del triunfo y del Foro Romano. Muy cerca se encuentran tambi\u00e9n la Bas\u00edlica de San Pedro, dentro del cual se conserva el famoso mois\u00e9s de Miguel \u00c1ngel y la Bas\u00edlica Barroca [&hellip;]<\/p>\n","protected":false},"author":2,"featured_media":0,"parent":0,"menu_order":0,"comment_status":"open","ping_status":"open","template":"","meta":{"footnotes":""},"class_list":["post-184","page","type-page","status-publish","hentry"],"yoast_head":"<!-- This site is optimized with the Yoast SEO plugin v26.9 - https:\/\/yoast.com\/product\/yoast-seo-wordpress\/ -->\n<title>Hotel Rome Foro Imperial | Hotel cerca del Coliseo | Hotel cerca de la estaci\u00f3n de Termini en Roma | Hoteles cerca de la Via Cavour en Roma | hoteles en Roma Via Cavour | Hotel cerca del barrio de Monti, en Roma<\/title>\n<meta name=\"robots\" content=\"index, follow, max-snippet:-1, max-image-preview:large, max-video-preview:-1\" \/>\n<link rel=\"canonical\" href=\"https:\/\/www.hotelferraro.it\/es\/situacion\/\" \/>\n<meta property=\"og:locale\" content=\"es_ES\" \/>\n<meta property=\"og:type\" content=\"article\" \/>\n<meta property=\"og:title\" content=\"Hotel Rome Foro Imperial | Hotel cerca del Coliseo | Hotel cerca de la estaci\u00f3n de Termini en Roma | Hoteles cerca de la Via Cavour en Roma | hoteles en Roma Via Cavour | Hotel cerca del barrio de Monti, en Roma\" \/>\n<meta property=\"og:description\" content=\"En el centro de Roma El Hotel Ferraro se encuentra en el coraz\u00f3n de la ciudad eterna, a pocos pasos del Coliseo, del Arco del triunfo y del Foro Romano. Muy cerca se encuentran tambi\u00e9n la Bas\u00edlica de San Pedro, dentro del cual se conserva el famoso mois\u00e9s de Miguel \u00c1ngel y la Bas\u00edlica Barroca [&hellip;]\" \/>\n<meta property=\"og:url\" content=\"https:\/\/www.hotelferraro.it\/es\/situacion\/\" \/>\n<meta property=\"og:site_name\" content=\"Hotel Ferraro\" \/>\n<meta property=\"article:modified_time\" content=\"2014-05-24T13:05:47+00:00\" \/>\n<meta name=\"twitter:label1\" content=\"Tiempo de lectura\" \/>\n\t<meta name=\"twitter:data1\" content=\"1 minuto\" \/>\n<script type=\"application\/ld+json\" class=\"yoast-schema-graph\">{\"@context\":\"https:\/\/schema.org\",\"@graph\":[{\"@type\":\"WebPage\",\"@id\":\"https:\/\/www.hotelferraro.it\/es\/situacion\/\",\"url\":\"https:\/\/www.hotelferraro.it\/es\/situacion\/\",\"name\":\"Hotel Rome Foro Imperial | Hotel cerca del Coliseo | Hotel cerca de la estaci\u00f3n de Termini en Roma | Hoteles cerca de la Via Cavour en Roma | hoteles en Roma Via Cavour | Hotel cerca del barrio de Monti, en Roma\",\"isPartOf\":{\"@id\":\"https:\/\/www.hotelferraro.it\/#website\"},\"datePublished\":\"2014-05-11T17:21:14+00:00\",\"dateModified\":\"2014-05-24T13:05:47+00:00\",\"breadcrumb\":{\"@id\":\"https:\/\/www.hotelferraro.it\/es\/situacion\/#breadcrumb\"},\"inLanguage\":\"es\",\"potentialAction\":[{\"@type\":\"ReadAction\",\"target\":[\"https:\/\/www.hotelferraro.it\/es\/situacion\/\"]}]},{\"@type\":\"BreadcrumbList\",\"@id\":\"https:\/\/www.hotelferraro.it\/es\/situacion\/#breadcrumb\",\"itemListElement\":[{\"@type\":\"ListItem\",\"position\":1,\"name\":\"Home\",\"item\":\"https:\/\/www.hotelferraro.it\/es\/\"},{\"@type\":\"ListItem\",\"position\":2,\"name\":\"Situaci\u00f3n\"}]},{\"@type\":\"WebSite\",\"@id\":\"https:\/\/www.hotelferraro.it\/#website\",\"url\":\"https:\/\/www.hotelferraro.it\/\",\"name\":\"Hotel Ferraro\",\"description\":\"Just another WordPress site\",\"potentialAction\":[{\"@type\":\"SearchAction\",\"target\":{\"@type\":\"EntryPoint\",\"urlTemplate\":\"https:\/\/www.hotelferraro.it\/?s={search_term_string}\"},\"query-input\":{\"@type\":\"PropertyValueSpecification\",\"valueRequired\":true,\"valueName\":\"search_term_string\"}}],\"inLanguage\":\"es\"}]}<\/script>\n<!-- \/ Yoast SEO plugin. -->","yoast_head_json":{"title":"Hotel Rome Foro Imperial | Hotel cerca del Coliseo | Hotel cerca de la estaci\u00f3n de Termini en Roma | Hoteles cerca de la Via Cavour en Roma | hoteles en Roma Via Cavour | Hotel cerca del barrio de Monti, en Roma","robots":{"index":"index","follow":"follow","max-snippet":"max-snippet:-1","max-image-preview":"max-image-preview:large","max-video-preview":"max-video-preview:-1"},"canonical":"https:\/\/www.hotelferraro.it\/es\/situacion\/","og_locale":"es_ES","og_type":"article","og_title":"Hotel Rome Foro Imperial | Hotel cerca del Coliseo | Hotel cerca de la estaci\u00f3n de Termini en Roma | Hoteles cerca de la Via Cavour en Roma | hoteles en Roma Via Cavour | Hotel cerca del barrio de Monti, en Roma","og_description":"En el centro de Roma El Hotel Ferraro se encuentra en el coraz\u00f3n de la ciudad eterna, a pocos pasos del Coliseo, del Arco del triunfo y del Foro Romano. Muy cerca se encuentran tambi\u00e9n la Bas\u00edlica de San Pedro, dentro del cual se conserva el famoso mois\u00e9s de Miguel \u00c1ngel y la Bas\u00edlica Barroca [&hellip;]","og_url":"https:\/\/www.hotelferraro.it\/es\/situacion\/","og_site_name":"Hotel Ferraro","article_modified_time":"2014-05-24T13:05:47+00:00","twitter_misc":{"Tiempo de lectura":"1 minuto"},"schema":{"@context":"https:\/\/schema.org","@graph":[{"@type":"WebPage","@id":"https:\/\/www.hotelferraro.it\/es\/situacion\/","url":"https:\/\/www.hotelferraro.it\/es\/situacion\/","name":"Hotel Rome Foro Imperial | Hotel cerca del Coliseo | Hotel cerca de la estaci\u00f3n de Termini en Roma | Hoteles cerca de la Via Cavour en Roma | hoteles en Roma Via Cavour | Hotel cerca del barrio de Monti, en Roma","isPartOf":{"@id":"https:\/\/www.hotelferraro.it\/#website"},"datePublished":"2014-05-11T17:21:14+00:00","dateModified":"2014-05-24T13:05:47+00:00","breadcrumb":{"@id":"https:\/\/www.hotelferraro.it\/es\/situacion\/#breadcrumb"},"inLanguage":"es","potentialAction":[{"@type":"ReadAction","target":["https:\/\/www.hotelferraro.it\/es\/situacion\/"]}]},{"@type":"BreadcrumbList","@id":"https:\/\/www.hotelferraro.it\/es\/situacion\/#breadcrumb","itemListElement":[{"@type":"ListItem","position":1,"name":"Home","item":"https:\/\/www.hotelferraro.it\/es\/"},{"@type":"ListItem","position":2,"name":"Situaci\u00f3n"}]},{"@type":"WebSite","@id":"https:\/\/www.hotelferraro.it\/#website","url":"https:\/\/www.hotelferraro.it\/","name":"Hotel Ferraro","description":"Just another WordPress site","potentialAction":[{"@type":"SearchAction","target":{"@type":"EntryPoint","urlTemplate":"https:\/\/www.hotelferraro.it\/?s={search_term_string}"},"query-input":{"@type":"PropertyValueSpecification","valueRequired":true,"valueName":"search_term_string"}}],"inLanguage":"es"}]}},"_links":{"self":[{"href":"https:\/\/www.hotelferraro.it\/es\/wp-json\/wp\/v2\/pages\/184","targetHints":{"allow":["GET"]}}],"collection":[{"href":"https:\/\/www.hotelferraro.it\/es\/wp-json\/wp\/v2\/pages"}],"about":[{"href":"https:\/\/www.hotelferraro.it\/es\/wp-json\/wp\/v2\/types\/page"}],"author":[{"embeddable":true,"href":"https:\/\/www.hotelferraro.it\/es\/wp-json\/wp\/v2\/users\/2"}],"replies":[{"embeddable":true,"href":"https:\/\/www.hotelferraro.it\/es\/wp-json\/wp\/v2\/comments?post=184"}],"version-history":[{"count":2,"href":"https:\/\/www.hotelferraro.it\/es\/wp-json\/wp\/v2\/pages\/184\/revisions"}],"predecessor-version":[{"id":228,"href":"https:\/\/www.hotelferraro.it\/es\/wp-json\/wp\/v2\/pages\/184\/revisions\/228"}],"wp:attachment":[{"href":"https:\/\/www.hotelferraro.it\/es\/wp-json\/wp\/v2\/media?parent=184"}],"curies":[{"name":"wp","href":"https:\/\/api.w.org\/{rel}","templated":true}]}}